{"id":755,"date":"2024-08-14T14:46:49","date_gmt":"2024-08-14T12:46:49","guid":{"rendered":"https:\/\/www.anae.archi\/fr\/?page_id=755"},"modified":"2025-12-05T14:25:45","modified_gmt":"2025-12-05T13:25:45","slug":"coaching-transformation-interieure","status":"publish","type":"page","link":"https:\/\/www.anae.archi\/fr\/coaching-transformation-interieure\/","title":{"rendered":"Coaching transformation int\u00e9rieure"},"content":{"rendered":"\t\t<div data-elementor-type=\"wp-page\" data-elementor-id=\"755\" class=\"elementor elementor-755\" data-elementor-post-type=\"page\">\n\t\t\t\t<div class=\"elementor-element elementor-element-5429159 e-con-full e-flex e-con e-parent\" data-id=\"5429159\" data-element_type=\"container\" data-e-type=\"container\" data-settings=\"{&quot;background_background&quot;:&quot;classic&quot;}\">\n\t\t<div class=\"elementor-element elementor-element-1d7d3ad e-con-full e-flex e-con e-child\" data-id=\"1d7d3ad\" data-element_type=\"container\" data-e-type=\"container\" data-settings=\"{&quot;background_background&quot;:&quot;classic&quot;}\">\n\t\t\t\t<\/div>\n\t\t<div class=\"elementor-element elementor-element-2b4014c e-con-full e-flex e-con e-child\" data-id=\"2b4014c\" data-element_type=\"container\" data-e-type=\"container\" data-settings=\"{&quot;background_background&quot;:&quot;classic&quot;}\">\n\t\t<div class=\"elementor-element elementor-element-1ce4de5 e-flex e-con-boxed e-con e-child\" data-id=\"1ce4de5\" data-element_type=\"container\" data-e-type=\"container\">\n\t\t\t\t\t<div class=\"e-con-inner\">\n\t\t\t\t<div class=\"elementor-element elementor-element-d78c2fc elementor-widget elementor-widget-heading\" data-id=\"d78c2fc\" data-element_type=\"widget\" data-e-type=\"widget\" data-widget_type=\"heading.default\">\n\t\t\t\t<div class=\"elementor-widget-container\">\n\t\t\t\t\t<h1 class=\"elementor-heading-title elementor-size-default\">Coaching transformation int\u00e9rieure<\/h1>\t\t\t\t<\/div>\n\t\t\t\t<\/div>\n\t\t\t\t<div class=\"elementor-element elementor-element-5a0e012 elementor-widget elementor-widget-text-editor\" data-id=\"5a0e012\" data-element_type=\"widget\" data-e-type=\"widget\" data-widget_type=\"text-editor.default\">\n\t\t\t\t<div class=\"elementor-widget-container\">\n\t\t\t\t\t\t\t\t\t<p>Vous voulez r\u00e9am\u00e9nager votre logement ? Repeindre une pi\u00e8ce ou un mur\u00a0? Changer quelques meubles ? Acheter des luminaires ? Mais vous ne savez pas par quoi commencer ni vers qui vous tourner\u00a0?<\/p><p>Je vous accompagne dans vos d\u00e9marches en :<\/p><ul><li>\u00c9coutant vos besoins et vos envies<\/li><li>Vous conseillant sur les diff\u00e9rentes options et possibilit\u00e9s qui s\u2019offrent \u00e0 vous<\/li><li>Vous prodiguant des conseils sur comment entreprendre vos travaux<\/li><\/ul>\t\t\t\t\t\t\t\t<\/div>\n\t\t\t\t<\/div>\n\t\t\t\t<div class=\"elementor-element elementor-element-41107ef elementor-widget elementor-widget-text-editor\" data-id=\"41107ef\" data-element_type=\"widget\" data-e-type=\"widget\" data-widget_type=\"text-editor.default\">\n\t\t\t\t<div class=\"elementor-widget-container\">\n\t\t\t\t\t\t\t\t\t<p>Contactez-moi\u00a0\u00e0 votre convenance et parlons de vos envies !<\/p>\t\t\t\t\t\t\t\t<\/div>\n\t\t\t\t<\/div>\n\t\t\t\t<div class=\"elementor-element elementor-element-66d3fdf elementor-mobile-align-center elementor-align-left elementor-widget elementor-widget-button\" data-id=\"66d3fdf\" data-element_type=\"widget\" data-e-type=\"widget\" data-widget_type=\"button.default\">\n\t\t\t\t<div class=\"elementor-widget-container\">\n\t\t\t\t\t\t\t\t\t<div class=\"elementor-button-wrapper\">\n\t\t\t\t\t<a class=\"elementor-button elementor-button-link elementor-size-sm\" href=\"#\">\n\t\t\t\t\t\t<span class=\"elementor-button-content-wrapper\">\n\t\t\t\t\t\t\t\t\t<span class=\"elementor-button-text\">Contact<\/span>\n\t\t\t\t\t<\/span>\n\t\t\t\t\t<\/a>\n\t\t\t\t<\/div>\n\t\t\t\t\t\t\t\t<\/div>\n\t\t\t\t<\/div>\n\t\t\t\t\t<\/div>\n\t\t\t\t<\/div>\n\t\t\t\t<\/div>\n\t\t\t\t<\/div>\n\t\t<div class=\"elementor-element elementor-element-29fa372 e-flex e-con-boxed e-con e-parent\" data-id=\"29fa372\" data-element_type=\"container\" data-e-type=\"container\" data-settings=\"{&quot;background_background&quot;:&quot;classic&quot;}\">\n\t\t\t\t\t<div class=\"e-con-inner\">\n\t\t\t\t<div class=\"elementor-element elementor-element-de875eb elementor-widget elementor-widget-heading\" data-id=\"de875eb\" data-element_type=\"widget\" data-e-type=\"widget\" data-widget_type=\"heading.default\">\n\t\t\t\t<div class=\"elementor-widget-container\">\n\t\t\t\t\t<h2 class=\"elementor-heading-title elementor-size-default\">Mes prestations<\/h2>\t\t\t\t<\/div>\n\t\t\t\t<\/div>\n\t\t<div class=\"elementor-element elementor-element-adf8bb8 e-con-full e-flex e-con e-child\" data-id=\"adf8bb8\" data-element_type=\"container\" data-e-type=\"container\">\n\t\t<div class=\"elementor-element elementor-element-e2831dd e-con-full e-flex e-con e-child\" data-id=\"e2831dd\" data-element_type=\"container\" data-e-type=\"container\">\n\t\t\t\t<div class=\"elementor-element elementor-element-06b84f0 elementor-widget elementor-widget-text-editor\" data-id=\"06b84f0\" data-element_type=\"widget\" data-e-type=\"widget\" data-widget_type=\"text-editor.default\">\n\t\t\t\t<div class=\"elementor-widget-container\">\n\t\t\t\t\t\t\t\t\t<ul><li>Recommandations g\u00e9n\u00e9rales pour des choix judicieux afin que votre int\u00e9rieur refl\u00e8te votre personnalit\u00e9<\/li><li>Conseils pour le r\u00e9am\u00e9nagement d\u2019une pi\u00e8ce<\/li><li>Tri dans vos objets d\u00e9co pour une vision coh\u00e9rente et harmonieuse de votre lieu de vie<\/li><\/ul>\t\t\t\t\t\t\t\t<\/div>\n\t\t\t\t<\/div>\n\t\t\t\t<\/div>\n\t\t<div class=\"elementor-element elementor-element-36d3e7a e-con-full e-flex e-con e-child\" data-id=\"36d3e7a\" data-element_type=\"container\" data-e-type=\"container\">\n\t\t\t\t<div class=\"elementor-element elementor-element-b19a230 elementor-widget elementor-widget-text-editor\" data-id=\"b19a230\" data-element_type=\"widget\" data-e-type=\"widget\" data-widget_type=\"text-editor.default\">\n\t\t\t\t<div class=\"elementor-widget-container\">\n\t\t\t\t\t\t\t\t\t<ul><li>Suggestions pour l\u2019achat de nouveaux meubles selon vos envies que ce soient des propositions sur catalogue ou une visite de magasins avec vous une fois des pr\u00e9-choix \u00e9tablis ensemble<\/li><li>Assistance dans le choix des couleurs pour vos peintures<\/li><\/ul>\t\t\t\t\t\t\t\t<\/div>\n\t\t\t\t<\/div>\n\t\t\t\t<\/div>\n\t\t\t\t<\/div>\n\t\t<div class=\"elementor-element elementor-element-6a51b3f e-con-full e-flex e-con e-child\" data-id=\"6a51b3f\" data-element_type=\"container\" data-e-type=\"container\">\n\t\t<div class=\"elementor-element elementor-element-e7e9260 e-con-full e-flex e-con e-child\" data-id=\"e7e9260\" data-element_type=\"container\" data-e-type=\"container\">\n\t\t\t\t<div class=\"elementor-element elementor-element-b388dc7 elementor-widget elementor-widget-text-editor\" data-id=\"b388dc7\" data-element_type=\"widget\" data-e-type=\"widget\" data-widget_type=\"text-editor.default\">\n\t\t\t\t<div class=\"elementor-widget-container\">\n\t\t\t\t\t\t\t\t\t<p>Je vous accompagne dans tous vos choix pour que votre int\u00e9rieur refl\u00e8te votre individualit\u00e9 !<\/p>\t\t\t\t\t\t\t\t<\/div>\n\t\t\t\t<\/div>\n\t\t\t\t<\/div>\n\t\t\t\t<\/div>\n\t\t\t\t\t<\/div>\n\t\t\t\t<\/div>\n\t\t\t\t<\/div>\n\t\t","protected":false},"excerpt":{"rendered":"<p>Coaching transformation int\u00e9rieure Vous voulez r\u00e9am\u00e9nager votre logement ? Repeindre une pi\u00e8ce ou un mur\u00a0? Changer quelques meubles ? Acheter des luminaires ? Mais vous ne savez pas par quoi commencer ni vers qui vous tourner\u00a0? Je vous accompagne dans vos d\u00e9marches en : \u00c9coutant vos besoins et vos envies Vous conseillant sur les diff\u00e9rentes [&hellip;]<\/p>\n","protected":false},"author":1,"featured_media":0,"parent":0,"menu_order":0,"comment_status":"closed","ping_status":"closed","template":"","meta":{"footnotes":""},"class_list":["post-755","page","type-page","status-publish","hentry"],"yoast_head":"<!-- This site is optimized with the Yoast SEO plugin v27.5 - https:\/\/yoast.com\/product\/yoast-seo-wordpress\/ -->\n<title>anae - coaching en transformation int\u00e9rieure<\/title>\n<meta name=\"description\" content=\"Je vous accompagne dans vos d\u00e9marches de transformations int\u00e9rieures d&#039;un appartement ou d&#039;une maison (mobilier, r\u00e9am\u00e9nagement, etc.).\" \/>\n<meta name=\"robots\" content=\"index, follow, max-snippet:-1, max-image-preview:large, max-video-preview:-1\" \/>\n<link rel=\"canonical\" href=\"https:\/\/www.anae.archi\/fr\/coaching-transformation-interieure\/\" \/>\n<meta property=\"og:locale\" content=\"fr_FR\" \/>\n<meta property=\"og:type\" content=\"article\" \/>\n<meta property=\"og:title\" content=\"anae - coaching en transformation int\u00e9rieure\" \/>\n<meta property=\"og:description\" content=\"Je vous accompagne dans vos d\u00e9marches de transformations int\u00e9rieures d&#039;un appartement ou d&#039;une maison (mobilier, r\u00e9am\u00e9nagement, etc.).\" \/>\n<meta property=\"og:url\" content=\"https:\/\/www.anae.archi\/fr\/coaching-transformation-interieure\/\" \/>\n<meta property=\"og:site_name\" content=\"Anae Architecture\" \/>\n<meta property=\"article:modified_time\" content=\"2025-12-05T13:25:45+00:00\" \/>\n<meta name=\"twitter:card\" content=\"summary_large_image\" \/>\n<meta name=\"twitter:label1\" content=\"Dur\u00e9e de lecture estim\u00e9e\" \/>\n\t<meta name=\"twitter:data1\" content=\"1 minute\" \/>\n<script type=\"application\/ld+json\" class=\"yoast-schema-graph\">{\"@context\":\"https:\\\/\\\/schema.org\",\"@graph\":[{\"@type\":\"WebPage\",\"@id\":\"https:\\\/\\\/www.anae.archi\\\/fr\\\/coaching-transformation-interieure\\\/\",\"url\":\"https:\\\/\\\/www.anae.archi\\\/fr\\\/coaching-transformation-interieure\\\/\",\"name\":\"anae - coaching en transformation int\u00e9rieure\",\"isPartOf\":{\"@id\":\"https:\\\/\\\/www.anae.archi\\\/fr\\\/#website\"},\"datePublished\":\"2024-08-14T12:46:49+00:00\",\"dateModified\":\"2025-12-05T13:25:45+00:00\",\"description\":\"Je vous accompagne dans vos d\u00e9marches de transformations int\u00e9rieures d'un appartement ou d'une maison (mobilier, r\u00e9am\u00e9nagement, etc.).\",\"breadcrumb\":{\"@id\":\"https:\\\/\\\/www.anae.archi\\\/fr\\\/coaching-transformation-interieure\\\/#breadcrumb\"},\"inLanguage\":\"fr-FR\",\"potentialAction\":[{\"@type\":\"ReadAction\",\"target\":[\"https:\\\/\\\/www.anae.archi\\\/fr\\\/coaching-transformation-interieure\\\/\"]}]},{\"@type\":\"BreadcrumbList\",\"@id\":\"https:\\\/\\\/www.anae.archi\\\/fr\\\/coaching-transformation-interieure\\\/#breadcrumb\",\"itemListElement\":[{\"@type\":\"ListItem\",\"position\":1,\"name\":\"Accueil\",\"item\":\"https:\\\/\\\/www.anae.archi\\\/fr\\\/\"},{\"@type\":\"ListItem\",\"position\":2,\"name\":\"Coaching transformation int\u00e9rieure\"}]},{\"@type\":\"WebSite\",\"@id\":\"https:\\\/\\\/www.anae.archi\\\/fr\\\/#website\",\"url\":\"https:\\\/\\\/www.anae.archi\\\/fr\\\/\",\"name\":\"Anae Architecture\",\"description\":\"Bureau d&#039;architecture sp\u00e9cialis\u00e9 dans l&#039;\u00e9cologie\",\"potentialAction\":[{\"@type\":\"SearchAction\",\"target\":{\"@type\":\"EntryPoint\",\"urlTemplate\":\"https:\\\/\\\/www.anae.archi\\\/fr\\\/?s={search_term_string}\"},\"query-input\":{\"@type\":\"PropertyValueSpecification\",\"valueRequired\":true,\"valueName\":\"search_term_string\"}}],\"inLanguage\":\"fr-FR\"}]}<\/script>\n<!-- \/ Yoast SEO plugin. -->","yoast_head_json":{"title":"anae - coaching en transformation int\u00e9rieure","description":"Je vous accompagne dans vos d\u00e9marches de transformations int\u00e9rieures d'un appartement ou d'une maison (mobilier, r\u00e9am\u00e9nagement, etc.).","robots":{"index":"index","follow":"follow","max-snippet":"max-snippet:-1","max-image-preview":"max-image-preview:large","max-video-preview":"max-video-preview:-1"},"canonical":"https:\/\/www.anae.archi\/fr\/coaching-transformation-interieure\/","og_locale":"fr_FR","og_type":"article","og_title":"anae - coaching en transformation int\u00e9rieure","og_description":"Je vous accompagne dans vos d\u00e9marches de transformations int\u00e9rieures d'un appartement ou d'une maison (mobilier, r\u00e9am\u00e9nagement, etc.).","og_url":"https:\/\/www.anae.archi\/fr\/coaching-transformation-interieure\/","og_site_name":"Anae Architecture","article_modified_time":"2025-12-05T13:25:45+00:00","twitter_card":"summary_large_image","twitter_misc":{"Dur\u00e9e de lecture estim\u00e9e":"1 minute"},"schema":{"@context":"https:\/\/schema.org","@graph":[{"@type":"WebPage","@id":"https:\/\/www.anae.archi\/fr\/coaching-transformation-interieure\/","url":"https:\/\/www.anae.archi\/fr\/coaching-transformation-interieure\/","name":"anae - coaching en transformation int\u00e9rieure","isPartOf":{"@id":"https:\/\/www.anae.archi\/fr\/#website"},"datePublished":"2024-08-14T12:46:49+00:00","dateModified":"2025-12-05T13:25:45+00:00","description":"Je vous accompagne dans vos d\u00e9marches de transformations int\u00e9rieures d'un appartement ou d'une maison (mobilier, r\u00e9am\u00e9nagement, etc.).","breadcrumb":{"@id":"https:\/\/www.anae.archi\/fr\/coaching-transformation-interieure\/#breadcrumb"},"inLanguage":"fr-FR","potentialAction":[{"@type":"ReadAction","target":["https:\/\/www.anae.archi\/fr\/coaching-transformation-interieure\/"]}]},{"@type":"BreadcrumbList","@id":"https:\/\/www.anae.archi\/fr\/coaching-transformation-interieure\/#breadcrumb","itemListElement":[{"@type":"ListItem","position":1,"name":"Accueil","item":"https:\/\/www.anae.archi\/fr\/"},{"@type":"ListItem","position":2,"name":"Coaching transformation int\u00e9rieure"}]},{"@type":"WebSite","@id":"https:\/\/www.anae.archi\/fr\/#website","url":"https:\/\/www.anae.archi\/fr\/","name":"Anae Architecture","description":"Bureau d&#039;architecture sp\u00e9cialis\u00e9 dans l&#039;\u00e9cologie","potentialAction":[{"@type":"SearchAction","target":{"@type":"EntryPoint","urlTemplate":"https:\/\/www.anae.archi\/fr\/?s={search_term_string}"},"query-input":{"@type":"PropertyValueSpecification","valueRequired":true,"valueName":"search_term_string"}}],"inLanguage":"fr-FR"}]}},"_links":{"self":[{"href":"https:\/\/www.anae.archi\/fr\/wp-json\/wp\/v2\/pages\/755","targetHints":{"allow":["GET"]}}],"collection":[{"href":"https:\/\/www.anae.archi\/fr\/wp-json\/wp\/v2\/pages"}],"about":[{"href":"https:\/\/www.anae.archi\/fr\/wp-json\/wp\/v2\/types\/page"}],"author":[{"embeddable":true,"href":"https:\/\/www.anae.archi\/fr\/wp-json\/wp\/v2\/users\/1"}],"replies":[{"embeddable":true,"href":"https:\/\/www.anae.archi\/fr\/wp-json\/wp\/v2\/comments?post=755"}],"version-history":[{"count":43,"href":"https:\/\/www.anae.archi\/fr\/wp-json\/wp\/v2\/pages\/755\/revisions"}],"predecessor-version":[{"id":6569,"href":"https:\/\/www.anae.archi\/fr\/wp-json\/wp\/v2\/pages\/755\/revisions\/6569"}],"wp:attachment":[{"href":"https:\/\/www.anae.archi\/fr\/wp-json\/wp\/v2\/media?parent=755"}],"curies":[{"name":"wp","href":"https:\/\/api.w.org\/{rel}","templated":true}]}}